{"id":1116,"date":"2022-09-22T10:15:58","date_gmt":"2022-09-22T08:15:58","guid":{"rendered":"https:\/\/grandclass.es\/politica-de-privacidad\/"},"modified":"2023-05-26T10:10:22","modified_gmt":"2023-05-26T08:10:22","slug":"privacy-policy","status":"publish","type":"page","link":"https:\/\/grandclass.es\/en\/privacy-policy\/","title":{"rendered":"Privacy Policy"},"content":{"rendered":"<div class=\"fusion-fullwidth fullwidth-box fusion-builder-row-1 fusion-flex-container nonhundred-percent-fullwidth non-hundred-percent-height-scrolling\" style=\"--awb-border-radius-top-left:0px;--awb-border-radius-top-right:0px;--awb-border-radius-bottom-right:0px;--awb-border-radius-bottom-left:0px;--awb-margin-top:12%;--awb-margin-bottom:12%;--awb-flex-wrap:wrap;\" ><div class=\"fusion-builder-row fusion-row fusion-flex-align-items-flex-start fusion-flex-content-wrap\" style=\"max-width:1164.8px;margin-left: calc(-4% \/ 2 );margin-right: calc(-4% \/ 2 );\"><div class=\"fusion-layout-column fusion_builder_column fusion-builder-column-0 fusion_builder_column_1_1 1_1 fusion-flex-column\" style=\"--awb-bg-blend:overlay;--awb-bg-size:cover;--awb-width-large:100%;--awb-margin-top-large:0px;--awb-spacing-right-large:1.92%;--awb-margin-bottom-large:0px;--awb-spacing-left-large:1.92%;--awb-width-medium:100%;--awb-spacing-right-medium:1.92%;--awb-spacing-left-medium:1.92%;--awb-width-small:100%;--awb-spacing-right-small:1.92%;--awb-spacing-left-small:1.92%;\"><div class=\"fusion-column-wrapper fusion-flex-justify-content-flex-start fusion-content-layout-column\"><div class=\"fusion-text fusion-text-1\"><\/p>\n<p><strong>Datos del propietario de la web:<\/strong><\/p>\n<div class=\"table-container\">\n<table border=\"1\" cellspacing=\"1\" cellpadding=\"1\" align=\"center\">\n<tbody>\n<tr>\n<td><strong>RAZ\u00d3N SOCIAL<\/strong><\/td>\n<td>LOPEZ RUBIO GRAND CLASS SL<\/td>\n<\/tr>\n<tr>\n<td><strong>NIF<\/strong><\/td>\n<td>B81914095<\/td>\n<\/tr>\n<tr>\n<td><strong>DIRECCI\u00d3N POSTAL<\/strong><\/td>\n<td>CALLE SANTILLANA DEL MAR 14 28660, BOADILLA DEL MONTE (MADRID)<\/td>\n<\/tr>\n<tr>\n<td><strong>DIRECCI\u00d3N ELECTR\u00d3NICA<\/strong><\/td>\n<td><a href=\"mailto:privacidad@grandclass.es\">privacidad@grandclass.es<\/a><\/td>\n<\/tr>\n<tr>\n<td><strong>TEL\u00c9FONOS<\/strong><\/td>\n<td>916821560<\/td>\n<\/tr>\n<tr>\n<td><strong>REGISTRO MERCANTIL<\/strong><\/td>\n<td>tomo 12773, folio 143, hoja M-204840 e inscripci\u00f3n 1<\/td>\n<\/tr>\n<tr>\n<td><strong>OBJETO PRINCIPAL<\/strong><\/td>\n<td>Reserva de veh\u00edculos<\/td>\n<\/tr>\n<\/tbody>\n<\/table>\n<\/div>\n<p><strong>Protecci\u00f3n de datos<\/strong><\/p>\n<p>De conformidad con la normativa vigente y aplicable en protecci\u00f3n de datos de car\u00e1cter personal, le informamos que sus datos ser\u00e1n incorporados al sistema de tratamiento titularidad de LOPEZ RUBIO GRAND CLASS SL con NIF B81914095 y domicilio social sito en CALLE SANTILLANA DEL MAR 14 28660, BOADILLA DEL MONTE (MADRID), y que a continuaci\u00f3n se relacionan sus respectivas finalidades, plazos de conservaci\u00f3n y bases legitimadoras. Para aquellos tratamientos que lo requieran, se informa tambi\u00e9n de la posible elaboraci\u00f3n de perfiles y decisiones automatizadas, as\u00ed como las posibles cesiones y las transferencias internacionales que LOPEZ RUBIO GRAND CLASS SL tiene previsto realizar:<\/p>\n<div class=\"table-container\">\n<table border=\"1\" cellspacing=\"1\" cellpadding=\"1\">\n<tbody>\n<tr>\n<td colspan=\"2\"><strong>TRATAMIENTOS REALIZADOS<\/strong><\/td>\n<\/tr>\n<tr>\n<td>Gesti\u00f3n de la p\u00e1gina web<\/td>\n<td>\n<ul>\n<li><strong>Finalidad<\/strong>: Tratamiento y gesti\u00f3n de los datos necesarios para la funcionalidad de la p\u00e1gina web<\/li>\n<li><strong>Plazo de conservaci\u00f3n<\/strong>: mientras perdure el consentimiento prestado<\/li>\n<li><strong>Base leg\u00edtima:<\/strong>\u00a0El consentimiento del interesado<\/li>\n<li><strong>Tipolog\u00eda de Datos:<\/strong>\u00a0Datos meramente identificativos<\/li>\n<li><strong>Cesiones:<\/strong>\u00a0No se prev\u00e9n<\/li>\n<li><strong>Transferencias internacionales:<\/strong>\u00a0No se prev\u00e9n<\/li>\n<li><strong>Elaboraciones de perfiles:<\/strong>\u00a0No se prev\u00e9n<\/li>\n<\/ul>\n<\/td>\n<\/tr>\n<tr>\n<td>Formulario web<\/td>\n<td>\n<ul>\n<li><strong>Finalidad:<\/strong>\u00a0Atender sus consultas y\/o solicitudes<\/li>\n<li><strong>Plazo de conservaci\u00f3n:\u00a0<\/strong>mientras se mantenga el consentimiento prestado.<\/li>\n<li><strong>Base leg\u00edtima:<\/strong>\u00a0El consentimiento del interesado<\/li>\n<li><strong>Tipolog\u00eda de Datos:\u00a0<\/strong>Datos meramente identificativos<\/li>\n<li><strong>Cesiones:<\/strong>\u00a0Ninguna<\/li>\n<li><strong>Transferencias internacionales:<\/strong>\u00a0No se prev\u00e9n<\/li>\n<li><strong>Elaboraciones de perfiles:<\/strong>\u00a0No se prev\u00e9n<\/li>\n<\/ul>\n<\/td>\n<\/tr>\n<tr>\n<td>Gesti\u00f3n del cumplimiento normativo<\/td>\n<td>\n<ul>\n<li><strong>Finalidad<\/strong>: Gesti\u00f3n y tramitaci\u00f3n de las obligaciones y deberes que se deriven del cumplimiento de la normativa a la cual est\u00e1 sujeta la entidad<\/li>\n<li><strong>Plazo de conservaci\u00f3n<\/strong>: conservaci\u00f3n de las copias de los documentos hasta que prescriban las acciones para reclamarle una posible responsabilidad<\/li>\n<li><strong>Base leg\u00edtima<\/strong>: El cumplimiento de una ley<\/li>\n<li><strong>Tipolog\u00eda de Datos<\/strong>: Datos meramente identificativos<\/li>\n<li><strong>Cesiones<\/strong>: sus datos ser\u00e1n comunicados en caso de ser necesario a Organismos y\/o administraci\u00f3n p\u00fablica con competencia en la materia con la finalidad de cumplir con las obligaciones establecidas en la normativa aplicable. Adem\u00e1s, se informa que la base legitimadora de la cesi\u00f3n es cumplir con las obligaciones establecidas en la normativa aplicable<\/li>\n<li><strong>Transferencias internacionales<\/strong>: No se prev\u00e9n<\/li>\n<li><strong>Elaboraciones de perfiles:<\/strong>\u00a0No se prev\u00e9n<\/li>\n<\/ul>\n<\/td>\n<\/tr>\n<tr>\n<td>Acciones Comerciale<\/td>\n<td>\n<ul>\n<li><strong>Finalidad<\/strong>: Captaci\u00f3n, registro y tratamiento de datos con finalidades de publicidad y prospecci\u00f3n comercial de nuestros productos y\/o servicios<\/li>\n<li><strong>Plazo de conservaci\u00f3n<\/strong>: mientras se mantenga el consentimiento prestado<\/li>\n<li><strong>Base leg\u00edtima<\/strong>: El consentimiento del interesado<\/li>\n<li><strong>Tipolog\u00eda de Datos<\/strong>: Datos meramente identificativos<\/li>\n<li><strong>Cesiones<\/strong>: Ninguna<\/li>\n<li><strong>Transferencias internacionales<\/strong>: No se prev\u00e9n<\/li>\n<li><strong>Elaboraciones de perfiles<\/strong>: No se prev\u00e9n<\/li>\n<\/ul>\n<\/td>\n<\/tr>\n<tr>\n<td>Registro de los usuarios<\/td>\n<td>\n<ul>\n<li><strong>Finalidad<\/strong>: Captaci\u00f3n, registro y tratamiento de datos para poder registrarse como usuario<\/li>\n<li><strong>Plazo de conservaci\u00f3n<\/strong>: mientras perdure el consentimiento prestado<\/li>\n<li><strong>Base leg\u00edtima<\/strong>: El consentimiento del interesado<\/li>\n<li><strong>Tipolog\u00eda de Datos<\/strong>: Datos meramente identificativos<\/li>\n<li><strong>Cesiones<\/strong>: No se prev\u00e9n<\/li>\n<li><strong>Transferencias internacionales<\/strong>: No se prev\u00e9n<\/li>\n<li><strong>Elaboraciones de perfiles<\/strong>: No se prev\u00e9n<\/li>\n<\/ul>\n<\/td>\n<\/tr>\n<tr>\n<td>Gesti\u00f3n de la contrataci\u00f3n de servicios<\/td>\n<td>\n<ul>\n<li><strong>Finalidad<\/strong>: Captaci\u00f3n, registro y tratamiento de datos con la finalidad de gestionar su compra, as\u00ed como para el correcto desarrollo, cumplimiento y ejecuci\u00f3n del contrato entre ambas partes<\/li>\n<li><strong>Plazo de conservaci\u00f3n<\/strong>: durante el plazo necesario para gestionar la compra de los productos o servicios adquiridos incluyendo posibles devoluciones, quejas o reclamaciones asociadas a la compra del producto o servicio en particular<\/li>\n<li><strong>Base leg\u00edtima<\/strong>: La ejecuci\u00f3n de un contrato<\/li>\n<li><strong>Tipolog\u00eda de Datos<\/strong>: Datos meramente identificativos<\/li>\n<li><strong>Cesiones<\/strong>: sus datos podr\u00e1n ser comunicados en caso de ser necesario a empresas que subvencionen los concursos, premios y\/o promociones<\/li>\n<li><strong>Transferencias internacionales<\/strong>: No se prev\u00e9n<\/li>\n<li><strong>Elaboraciones de perfiles<\/strong>: No se prev\u00e9n<\/li>\n<\/ul>\n<\/td>\n<\/tr>\n<tr>\n<td>Gesti\u00f3n econ\u00f3mica y administrativa<\/td>\n<td>\n<ul>\n<li><strong>Finalidad<\/strong>: Gesti\u00f3n administrativa, facturaci\u00f3n, contabilidad y obligaciones legales<\/li>\n<li><strong>Plazo de conservaci\u00f3n<\/strong>: 5 a\u00f1os en cumplimiento de la ley tributaria y 10 a\u00f1os la documentaci\u00f3n fiscal en cumplimiento de la L.O.7\/2012<\/li>\n<li><strong>Base leg\u00edtima<\/strong>: El consentimiento del interesado<\/li>\n<li><strong>Tipolog\u00eda de Datos<\/strong>: Datos meramente identificativos<\/li>\n<li><strong>Cesiones<\/strong>: sus datos ser\u00e1n comunicados en caso de ser necesario a Agencia Tributaria, Bancos, Cajas y Organismos y\/o administraci\u00f3n p\u00fablica con competencia en la materia con la finalidad de cumplir con las obligaciones tributarias y fiscales establecidas en la normativa aplicable. Adem\u00e1s, se informa que la base legitimadora de la cesi\u00f3n es cumplir con las obligaciones establecidas en la normativa aplicable<\/li>\n<li><strong>Transferencias internacionales<\/strong>: No se prev\u00e9n<\/li>\n<li><strong>Elaboraciones de perfiles<\/strong>: No se prev\u00e9n<\/li>\n<\/ul>\n<\/td>\n<\/tr>\n<\/tbody>\n<\/table>\n<\/div>\n<p>Derechos de los interesados<\/p>\n<p>LOPEZ RUBIO GRAND CLASS SL informa a los Usuarios que, podr\u00e1 ejercer los derechos de acceso, rectificaci\u00f3n, limitaci\u00f3n, supresi\u00f3n, portabilidad y oposici\u00f3n al tratamiento de sus datos de car\u00e1cter personal ante el Responsable del Tratamiento, as\u00ed como a la retirada del consentimiento prestado.<\/p>\n<ul>\n<li><u><strong>Derecho de Acceso<\/strong><\/u>: Es el derecho del usuario a obtener informaci\u00f3n sobre sus datos concretos de car\u00e1cter personal y del tratamiento que se haya realizado o realice, as\u00ed como de la informaci\u00f3n disponible sobre el origen de dichos datos y las comunicaciones realizadas o previstas de los mismos.<\/li>\n<li><u><strong>Derecho de Rectificaci\u00f3n<\/strong><\/u>: Es el derecho del afectado a que se modifiquen los datos que resulten ser inexactos o incompletos. S\u00f3lo podr\u00e1 satisfacerse en relaci\u00f3n a aquella informaci\u00f3n que se encuentre bajo el control de L\u00d3PEZ RUBIO GRAND CLASS S.L, por ejemplo, eliminar comentarios publicados en la propia p\u00e1gina, im\u00e1genes o contenidos web donde consten datos de car\u00e1cter personal del usuario.<\/li>\n<li><u><strong>Derecho a la Limitaci\u00f3n de tratamiento<\/strong><\/u>: Es el derecho a que se limiten los fines del tratamiento previstos de forma original por el responsable del tratamiento.<\/li>\n<li><u><strong>Derecho de Supresi\u00f3n<\/strong><\/u>: Es el derecho a suprimir los datos de car\u00e1cter personal del usuario, a excepci\u00f3n de lo previsto en el propio RGPD o en otras normativas aplicables que determinen la obligatoriedad de la conservaci\u00f3n de los mismos, en tiempo y forma.<\/li>\n<li><u><strong>Derecho de portabilidad<\/strong><\/u>: El derecho a recibir los datos personales que el usuario, haya facilitado, en un formato estructurado, de uso com\u00fan y lectura mec\u00e1nica, y a transmitirlos a otro responsable.<\/li>\n<li><u><strong>Derecho de Oposici\u00f3n<\/strong><\/u>: Es el derecho del usuario a que no se lleve a cabo el tratamiento de sus datos de car\u00e1cter personal o se cese el tratamiento de los mismos por parte de L\u00d3PEZ RUBIO GRAND CLASS S.L.<\/li>\n<\/ul>\n<p>Para poder ejercer cualquiera de los derechos descritos anteriormente deber\u00e1 cumplir con los siguientes requisitos:<\/p>\n<ul>\n<li>Presentaci\u00f3n de un escrito a la direcci\u00f3n CALLE SANTILLANA DEL MAR 14 28660, BOADILLA DEL MONTE (MADRID) (a la atenci\u00f3n de LOPEZ RUBIO GRAND CLASS SL) o bien a trav\u00e9s del correo electr\u00f3nico\u00a0<a href=\"mailto:privacidad@grandclass.es\">privacidad@grandclass.es<\/a>.<\/li>\n<li>El escrito remitido por el titular de los datos que solicite el ejercicio deber\u00e1 de cumplir los siguientes requisitos legales:\n<ul>\n<li>Nombre, apellidos del interesado y copia del DNI\/NIE o cualquier documento identificativo. En los excepcionales casos en que se admita la representaci\u00f3n, ser\u00e1 tambi\u00e9n necesaria la identificaci\u00f3n por el mismo medio de la persona que le representa, as\u00ed como el documento acreditativo de la representaci\u00f3n. La fotocopia del DNI podr\u00e1 ser sustituida siempre que se acredite la identidad por cualquier otro medio v\u00e1lido en derecho.<\/li>\n<li>Petici\u00f3n en que se concreta la solicitud. (Ejercicio en el que se solicita la informaci\u00f3n a la que se quiere acceder). Si no hace referencia a un fichero concreto se le facilitar\u00e1 toda la informaci\u00f3n que se tenga con sus datos de car\u00e1cter personal. Si solicita informaci\u00f3n de un fichero en concreto, s\u00f3lo la informaci\u00f3n de este fichero. Si solicita informaci\u00f3n relativa a un tercero nunca se podr\u00e1 facilitar. Si lo solicita por tel\u00e9fono se le indicar\u00e1 que lo haga por escrito y se le informar\u00e1 de c\u00f3mo lo puede hacer y la direcci\u00f3n a la que tiene que enviarlo. Nunca se le dar\u00e1 informaci\u00f3n por tel\u00e9fono.<\/li>\n<li>Domicilio a efectos de notificaciones.<\/li>\n<li>Fecha y firma del solicitante.<\/li>\n<li>Documentos acreditativos de la petici\u00f3n que formula.<\/li>\n<li>El interesado debe utilizar cualquier medio que permita acreditar el env\u00edo y la recepci\u00f3n de la solicitud.<\/li>\n<\/ul>\n<\/li>\n<\/ul>\n<p>Por \u00faltimo, le informamos que Usted tiene derecho a presentar una reclamaci\u00f3n ante la Agencia Espa\u00f1ola de Protecci\u00f3n de Datos en caso de que tenga conocimiento o considere que un hecho pueda suponer un incumplimiento de la normativa aplicable en materia de protecci\u00f3n de datos.<\/p>\n<p>LOPEZ RUBIO GRAND CLASS SL se compromete a adoptar las medidas t\u00e9cnicas y organizativas necesarias, acorde al nivel de riesgos que acompa\u00f1an los tratamientos realizados por \u00e9stas e indicados en el apartado de los t\u00e9rminos y condiciones de uso, de forma que garanticen su integridad, confidencialidad y disponibilidad.<\/p>\n<p><strong>\u00daLTIMA ACTUALIZACI\u00d3N: 12 de febrero de 2021<\/strong><\/p><\/p>\n<\/div><\/div><\/div><\/div><\/div>","protected":false},"excerpt":{"rendered":"","protected":false},"author":1,"featured_media":0,"parent":0,"menu_order":0,"comment_status":"closed","ping_status":"open","template":"","meta":{"inline_featured_image":false,"footnotes":""},"class_list":["post-1116","page","type-page","status-publish","hentry"],"yoast_head":"<!-- This site is optimized with the Yoast SEO plugin v27.3 - https:\/\/yoast.com\/product\/yoast-seo-wordpress\/ -->\n<title>Privacy Policy - Grand Class<\/title>\n<meta name=\"robots\" content=\"index, follow, max-snippet:-1, max-image-preview:large, max-video-preview:-1\" \/>\n<link rel=\"canonical\" href=\"https:\/\/grandclass.es\/en\/privacy-policy\/\" \/>\n<meta property=\"og:locale\" content=\"en_US\" \/>\n<meta property=\"og:type\" content=\"article\" \/>\n<meta property=\"og:title\" content=\"Privacy Policy - Grand Class\" \/>\n<meta property=\"og:url\" content=\"https:\/\/grandclass.es\/en\/privacy-policy\/\" \/>\n<meta property=\"og:site_name\" content=\"Grand Class\" \/>\n<meta property=\"article:publisher\" content=\"https:\/\/www.facebook.com\/grandclassvehiculos\" \/>\n<meta property=\"article:modified_time\" content=\"2023-05-26T08:10:22+00:00\" \/>\n<meta name=\"twitter:card\" content=\"summary_large_image\" \/>\n<meta name=\"twitter:label1\" content=\"Est. reading time\" \/>\n\t<meta name=\"twitter:data1\" content=\"7 minutes\" \/>\n<script type=\"application\/ld+json\" class=\"yoast-schema-graph\">{\"@context\":\"https:\\\/\\\/schema.org\",\"@graph\":[{\"@type\":\"WebPage\",\"@id\":\"https:\\\/\\\/grandclass.es\\\/en\\\/privacy-policy\\\/\",\"url\":\"https:\\\/\\\/grandclass.es\\\/en\\\/privacy-policy\\\/\",\"name\":\"Privacy Policy - Grand Class\",\"isPartOf\":{\"@id\":\"https:\\\/\\\/grandclass.es\\\/en\\\/#website\"},\"datePublished\":\"2022-09-22T08:15:58+00:00\",\"dateModified\":\"2023-05-26T08:10:22+00:00\",\"breadcrumb\":{\"@id\":\"https:\\\/\\\/grandclass.es\\\/en\\\/privacy-policy\\\/#breadcrumb\"},\"inLanguage\":\"en-US\",\"potentialAction\":[{\"@type\":\"ReadAction\",\"target\":[\"https:\\\/\\\/grandclass.es\\\/en\\\/privacy-policy\\\/\"]}]},{\"@type\":\"BreadcrumbList\",\"@id\":\"https:\\\/\\\/grandclass.es\\\/en\\\/privacy-policy\\\/#breadcrumb\",\"itemListElement\":[{\"@type\":\"ListItem\",\"position\":1,\"name\":\"Portada\",\"item\":\"https:\\\/\\\/grandclass.es\\\/en\\\/\"},{\"@type\":\"ListItem\",\"position\":2,\"name\":\"Privacy Policy\"}]},{\"@type\":\"WebSite\",\"@id\":\"https:\\\/\\\/grandclass.es\\\/en\\\/#website\",\"url\":\"https:\\\/\\\/grandclass.es\\\/en\\\/\",\"name\":\"Grand Class\",\"description\":\"Making exclusive mobility something personal\",\"alternateName\":\"Grand Class\",\"potentialAction\":[{\"@type\":\"SearchAction\",\"target\":{\"@type\":\"EntryPoint\",\"urlTemplate\":\"https:\\\/\\\/grandclass.es\\\/en\\\/?s={search_term_string}\"},\"query-input\":{\"@type\":\"PropertyValueSpecification\",\"valueRequired\":true,\"valueName\":\"search_term_string\"}}],\"inLanguage\":\"en-US\"}]}<\/script>\n<!-- \/ Yoast SEO plugin. -->","yoast_head_json":{"title":"Privacy Policy - Grand Class","robots":{"index":"index","follow":"follow","max-snippet":"max-snippet:-1","max-image-preview":"max-image-preview:large","max-video-preview":"max-video-preview:-1"},"canonical":"https:\/\/grandclass.es\/en\/privacy-policy\/","og_locale":"en_US","og_type":"article","og_title":"Privacy Policy - Grand Class","og_url":"https:\/\/grandclass.es\/en\/privacy-policy\/","og_site_name":"Grand Class","article_publisher":"https:\/\/www.facebook.com\/grandclassvehiculos","article_modified_time":"2023-05-26T08:10:22+00:00","twitter_card":"summary_large_image","twitter_misc":{"Est. reading time":"7 minutes"},"schema":{"@context":"https:\/\/schema.org","@graph":[{"@type":"WebPage","@id":"https:\/\/grandclass.es\/en\/privacy-policy\/","url":"https:\/\/grandclass.es\/en\/privacy-policy\/","name":"Privacy Policy - Grand Class","isPartOf":{"@id":"https:\/\/grandclass.es\/en\/#website"},"datePublished":"2022-09-22T08:15:58+00:00","dateModified":"2023-05-26T08:10:22+00:00","breadcrumb":{"@id":"https:\/\/grandclass.es\/en\/privacy-policy\/#breadcrumb"},"inLanguage":"en-US","potentialAction":[{"@type":"ReadAction","target":["https:\/\/grandclass.es\/en\/privacy-policy\/"]}]},{"@type":"BreadcrumbList","@id":"https:\/\/grandclass.es\/en\/privacy-policy\/#breadcrumb","itemListElement":[{"@type":"ListItem","position":1,"name":"Portada","item":"https:\/\/grandclass.es\/en\/"},{"@type":"ListItem","position":2,"name":"Privacy Policy"}]},{"@type":"WebSite","@id":"https:\/\/grandclass.es\/en\/#website","url":"https:\/\/grandclass.es\/en\/","name":"Grand Class","description":"Making exclusive mobility something personal","alternateName":"Grand Class","potentialAction":[{"@type":"SearchAction","target":{"@type":"EntryPoint","urlTemplate":"https:\/\/grandclass.es\/en\/?s={search_term_string}"},"query-input":{"@type":"PropertyValueSpecification","valueRequired":true,"valueName":"search_term_string"}}],"inLanguage":"en-US"}]}},"_links":{"self":[{"href":"https:\/\/grandclass.es\/en\/wp-json\/wp\/v2\/pages\/1116","targetHints":{"allow":["GET"]}}],"collection":[{"href":"https:\/\/grandclass.es\/en\/wp-json\/wp\/v2\/pages"}],"about":[{"href":"https:\/\/grandclass.es\/en\/wp-json\/wp\/v2\/types\/page"}],"author":[{"embeddable":true,"href":"https:\/\/grandclass.es\/en\/wp-json\/wp\/v2\/users\/1"}],"replies":[{"embeddable":true,"href":"https:\/\/grandclass.es\/en\/wp-json\/wp\/v2\/comments?post=1116"}],"version-history":[{"count":1,"href":"https:\/\/grandclass.es\/en\/wp-json\/wp\/v2\/pages\/1116\/revisions"}],"predecessor-version":[{"id":1118,"href":"https:\/\/grandclass.es\/en\/wp-json\/wp\/v2\/pages\/1116\/revisions\/1118"}],"wp:attachment":[{"href":"https:\/\/grandclass.es\/en\/wp-json\/wp\/v2\/media?parent=1116"}],"curies":[{"name":"wp","href":"https:\/\/api.w.org\/{rel}","templated":true}]}}