{"id":1110,"date":"2023-02-16T19:12:18","date_gmt":"2023-02-16T18:12:18","guid":{"rendered":"https:\/\/grandclass.es\/politica-de-cookies\/"},"modified":"2023-05-26T09:54:14","modified_gmt":"2023-05-26T07:54:14","slug":"cookies-policy","status":"publish","type":"page","link":"https:\/\/grandclass.es\/en\/cookies-policy\/","title":{"rendered":"Cookies Policy"},"content":{"rendered":"<div class=\"fusion-fullwidth fullwidth-box fusion-builder-row-1 fusion-flex-container nonhundred-percent-fullwidth non-hundred-percent-height-scrolling\" style=\"--awb-border-radius-top-left:0px;--awb-border-radius-top-right:0px;--awb-border-radius-bottom-right:0px;--awb-border-radius-bottom-left:0px;--awb-flex-wrap:wrap;\" ><div class=\"fusion-builder-row fusion-row fusion-flex-align-items-flex-start fusion-flex-content-wrap\" style=\"max-width:1164.8px;margin-left: calc(-4% \/ 2 );margin-right: calc(-4% \/ 2 );\"><div class=\"fusion-layout-column fusion_builder_column fusion-builder-column-0 fusion_builder_column_1_1 1_1 fusion-flex-column\" style=\"--awb-bg-blend:overlay;--awb-bg-size:cover;--awb-width-large:100%;--awb-margin-top-large:0px;--awb-spacing-right-large:1.92%;--awb-margin-bottom-large:0px;--awb-spacing-left-large:1.92%;--awb-width-medium:100%;--awb-spacing-right-medium:1.92%;--awb-spacing-left-medium:1.92%;--awb-width-small:100%;--awb-spacing-right-small:1.92%;--awb-spacing-left-small:1.92%;\"><div class=\"fusion-column-wrapper fusion-flex-justify-content-flex-start fusion-content-layout-column\"><div class=\"fusion-text fusion-text-1\"><p>Conforme a lo dispuesto en el art\u00edculo 22.2 de la Ley 34\/2002, de 11 de julio, de Servicios de la Sociedad de la Informaci\u00f3n y de Comercio Electr\u00f3nico (LSSI-CE) vigente, LOPEZ RUBIO GRAND CLASS SL debe cumplir con la obligaci\u00f3n de informar sobre las cookies que utiliza y sus finalidades.<\/p>\n<p>Este sitio web utiliza cookies y\/o tecnolog\u00edas similares que almacenan y recuperan informaci\u00f3n cuando navegas. Las cookies permiten a una p\u00e1gina web, entre otras cosas, almacenar y recuperar informaci\u00f3n sobre los h\u00e1bitos de navegaci\u00f3n de un Usuario o de su equipo y, dependiendo de la informaci\u00f3n que contenga y de la forma en que utilice su equipo, pueden utilizarse para reconocer al Usuario.<\/p>\n<p>Las cookies son esenciales para el funcionamiento de internet, aportando innumerables ventajas en la prestaci\u00f3n de servicios interactivos, facilit\u00e1ndole al Usuario la navegaci\u00f3n y usabilidad de nuestra web.<\/p>\n<p>El usuario puede modificar la configuraci\u00f3n personalizada AQUI<\/p>\n<p>La informaci\u00f3n que le proporcionamos a continuaci\u00f3n, le ayudar\u00e1 a comprender los diferentes tipos de cookies:<\/p>\n<div class=\"table-container\">\n<table border=\"1\" cellspacing=\"1\" cellpadding=\"1\">\n<tbody>\n<tr>\n<td colspan=\"3\"><strong>TIPOS DE COOKIES<\/strong><\/td>\n<\/tr>\n<tr>\n<td rowspan=\"2\"><strong>SEG\u00daN LA ENTIDAD QUE LAS GESTIONE<\/strong><\/td>\n<td>COOKIES PROPIAS<\/td>\n<td>Son aquellas que se env\u00edan al equipo terminal del usuario desde un equipo o dominio gestionado por el propio editor y desde el que se presta el servicio solicitado por el usuario<\/td>\n<\/tr>\n<tr>\n<td>COOKIES DE TERCEROS<\/td>\n<td>Son aquellas que se env\u00edan al equipo terminal del usuario desde un equipo o dominio que no es gestionado por el editor, sino por otra entidad que trata los datos obtenidos a trav\u00e9s de las cookies.<\/td>\n<\/tr>\n<tr>\n<td rowspan=\"2\"><strong>SEG\u00daN EL PLAZO DE TIEMPO QUE PERMANEZCAN ACTIVADAS<\/strong><\/td>\n<td>COOKIES DE SESI\u00d3N<\/td>\n<td>Son aquellas dise\u00f1adas para recabar y almacenar datos mientras el usuario accede a una p\u00e1gina web. Se suelen emplear para almacenar informaci\u00f3n que solo interesa conservar para la prestaci\u00f3n del servicio solicitado por el usuario en una sola ocasi\u00f3n (por ejemplo, una lista de productos adquiridos) y desaparecen al terminar la sesi\u00f3n<\/td>\n<\/tr>\n<tr>\n<td>COOKIES PERSISTENTES<\/td>\n<td>Son aquellas en las que los datos siguen almacenados en el terminal y pueden ser accedidos y tratados durante un periodo definido por el responsable de la cookie, y que puede ir de unos minutos a varios a\u00f1os<\/td>\n<\/tr>\n<tr>\n<td rowspan=\"5\"><strong>SEG\u00daN SU FINALIDAD<\/strong><\/td>\n<td>COOKIES T\u00c9CNICAS<\/td>\n<td>Son aquellas que permiten al usuario la navegaci\u00f3n a trav\u00e9s de una p\u00e1gina web, plataforma o aplicaci\u00f3n y la utilizaci\u00f3n de las diferentes opciones o servicios que en ella existan<\/td>\n<\/tr>\n<tr>\n<td>COOKIES DE PERSONALIZACI\u00d3N<\/td>\n<td>Permiten aplicar caracter\u00edsticas propias para la navegaci\u00f3n del usuario por el website (Ej. idioma).<\/td>\n<\/tr>\n<tr>\n<td>COOKIES DE AN\u00c1LISIS<\/td>\n<td>Son aquellas que permiten al responsable de las mismas el seguimiento y an\u00e1lisis del comportamiento de los usuarios de los sitios web a los que est\u00e1n vinculadas, incluida la asesoramiento y adaptaci\u00f3n a la lssi-ce \u00b7 documentaci\u00f3n cuantificaci\u00f3n de los impactos de los anuncios. La informaci\u00f3n recogida mediante este tipo de cookies se utiliza en la medici\u00f3n de la actividad de los sitios web, aplicaci\u00f3n o plataforma, con el fin de introducir mejoras en funci\u00f3n del an\u00e1lisis de los datos de uso que hacen los usuarios del servicio.<\/td>\n<\/tr>\n<tr>\n<td>COOKIES PUBLICITARIAS<\/td>\n<td>Permiten al editor incluir en la p\u00e1gina web espacios publicitarios, seg\u00fan el contenido de la propia web.<\/td>\n<\/tr>\n<tr>\n<td>COOKIES DE PUBLICIDAD COMPORTAMENTAL<\/td>\n<td>Son aquellas que almacenan informaci\u00f3n del comportamiento de los usuarios obtenida a trav\u00e9s de la observaci\u00f3n continuada de sus h\u00e1bitos de navegaci\u00f3n, lo que permite desarrollar un perfil espec\u00edfico para mostrar publicidad en funci\u00f3n del mismo.<\/td>\n<\/tr>\n<\/tbody>\n<\/table>\n<\/div>\n<p>Adicionalmente, LOPEZ RUBIO GRAND CLASS SL informa de manera m\u00e1s detallada de las cookies que utiliza sus titulares, el uso o finalidad concreta, los plazos de conservaci\u00f3n as\u00ed como de las Transferencias Internacionales de datos de cada una de ellas utilizadas en nuestra p\u00e1gina web:<\/p>\n<div id=\"cookiefirst-cookies-table\">\n<div dir=\"ltr\">\n<h2>Las cookies que utilizamos en nuestro sitio web<\/h2>\n<p><strong>Actualizado:<\/strong>\u00a05\/2\/2023, 01:39<\/p>\n<div class=\"cf1tXD\">\n<div class=\"cf1Hdl\">\n<table class=\"cf1M40 cf2OTb table-sm\">\n<tbody>\n<tr>\n<td colspan=\"5\">\n<h4>Necesarias<\/h4>\n<\/td>\n<\/tr>\n<tr>\n<th scope=\"col\">NOMBRE<\/th>\n<th scope=\"col\">PROP\u00d3SITO<\/th>\n<th scope=\"col\">NOMBRE DE DOMINIO<\/th>\n<th scope=\"col\">CADUCIDAD<\/th>\n<th scope=\"col\">PROVEEDOR<\/th>\n<th scope=\"col\">TIPO<\/th>\n<\/tr>\n<tr>\n<th scope=\"row\">COOKIEFIRST-CONSENT<\/th>\n<td>Esta cookie guarda sus preferencias de cookies para este sitio web. Usted puede cambiarlos o retirar su consentimiento f\u00e1cilmente.<\/td>\n<td>grandclass.es<\/td>\n<td>un a\u00f1o<\/td>\n<td><a href=\"https:\/\/cookiefirst.com\/legal\/data-processing-agreement\/\" target=\"_blank\" rel=\"noopener noreferrer\">Cookie First<\/a><\/td>\n<th scope=\"col\">COOKIE<\/th>\n<\/tr>\n<tr>\n<th scope=\"row\">COOKIEFIRST-CONSENT<\/th>\n<td>Esta cookie guarda sus preferencias de cookies para este sitio web. Usted puede cambiarlos o retirar su consentimiento f\u00e1cilmente.<\/td>\n<td>grandclass.es<\/td>\n<td>Persistente<\/td>\n<td><a href=\"https:\/\/cookiefirst.com\/legal\/data-processing-agreement\/\" target=\"_blank\" rel=\"noopener noreferrer\">Cookie First<\/a><\/td>\n<th scope=\"col\">ALMACENAMIENTO LOCAL<\/th>\n<\/tr>\n<tr>\n<th scope=\"row\">COOKIEFIRST-ID<\/th>\n<td>Esta cookie contiene su identificaci\u00f3n \u00fanica para que CookieFirst pueda identificar a los visitantes \u00fanicos de este sitio web.<\/td>\n<td>grandclass.es<\/td>\n<td>Persistente<\/td>\n<td><a href=\"https:\/\/cookiefirst.com\/legal\/data-processing-agreement\/\" target=\"_blank\" rel=\"noopener noreferrer\">Cookie First<\/a><\/td>\n<th scope=\"col\">ALMACENAMIENTO LOCAL<\/th>\n<\/tr>\n<tr>\n<th scope=\"row\">CURRENCY<\/th>\n<td>Esta cookie est\u00e1 configurada para la asignaci\u00f3n de la moneda.<\/td>\n<td>.www.grandclass.es<\/td>\n<td>un mes<\/td>\n<td><\/td>\n<th scope=\"col\">COOKIE<\/th>\n<\/tr>\n<tr>\n<th scope=\"row\">LANGUAGE<\/th>\n<td>Almacena el idioma preferido de los visitantes en el sitio web.<\/td>\n<td>.www.grandclass.es<\/td>\n<td>un mes<\/td>\n<td><\/td>\n<th scope=\"col\">COOKIE<\/th>\n<\/tr>\n<tr>\n<th scope=\"row\">PHPSESSID<\/th>\n<td>Cookie generada por aplicaciones basadas en el lenguaje PHP. Este es un identificador de prop\u00f3sito general utilizado para mantener las variables de sesi\u00f3n del usuario. Normalmente es un n\u00famero generado al azar, la forma en que se usa puede ser espec\u00edfica del sitio, pero un buen ejemplo es mantener un estado de inicio de sesi\u00f3n para un usuario entre p\u00e1ginas.<\/td>\n<td>www.grandclass.es<\/td>\n<td>un mes<\/td>\n<td><\/td>\n<th scope=\"col\">COOKIE<\/th>\n<\/tr>\n<tr>\n<td colspan=\"5\">\n<h4>De rendimiento<\/h4>\n<\/td>\n<\/tr>\n<tr>\n<th scope=\"col\">NOMBRE<\/th>\n<th scope=\"col\">PROP\u00d3SITO<\/th>\n<th scope=\"col\">NOMBRE DE DOMINIO<\/th>\n<th scope=\"col\">CADUCIDAD<\/th>\n<th scope=\"col\">PROVEEDOR<\/th>\n<th scope=\"col\">TIPO<\/th>\n<\/tr>\n<tr>\n<th scope=\"row\">_GA<\/th>\n<td>Registra una identificaci\u00f3n \u00fanica para un visitante del sitio web, rastrea c\u00f3mo el visitante usa el sitio web. Los datos se utilizan para estad\u00edsticas.<\/td>\n<td>.grandclass.es<\/td>\n<td>2 a\u00f1os<\/td>\n<td><a href=\"https:\/\/policies.google.com\/privacy?hl=en-US\" target=\"_blank\" rel=\"noopener noreferrer\">Corporaci\u00f3n Google<\/a><\/td>\n<th scope=\"col\">COOKIE<\/th>\n<\/tr>\n<tr>\n<th scope=\"row\">_GAT_GTAG_UA_*****_**<\/th>\n<td>Cookie configurada por Google Analytics. Se utiliza para acelerar la tasa de solicitud.<\/td>\n<td>.grandclass.es<\/td>\n<td>un minuto<\/td>\n<td><a href=\"https:\/\/policies.google.com\/privacy?hl=en-US\" target=\"_blank\" rel=\"noopener noreferrer\">Google LLC<\/a><\/td>\n<th scope=\"col\">COOKIE<\/th>\n<\/tr>\n<tr>\n<th scope=\"row\">_GID<\/th>\n<td>Registra una identificaci\u00f3n \u00fanica para un visitante del sitio web, rastrea c\u00f3mo el visitante usa el sitio web. Los datos se utilizan para estad\u00edsticas.<\/td>\n<td>.grandclass.es<\/td>\n<td>un d\u00eda<\/td>\n<td><a href=\"https:\/\/policies.google.com\/privacy?hl=en-US\" target=\"_blank\" rel=\"noopener noreferrer\">Corporaci\u00f3n Google<\/a><\/td>\n<th scope=\"col\">COOKIE<\/th>\n<\/tr>\n<tr>\n<th scope=\"row\">LN_OR<\/th>\n<td>Esta cookie registra datos estad\u00edsticos sobre el comportamiento de los usuarios en el sitio web. Utilizado para an\u00e1lisis internos por el operador del sitio web.<\/td>\n<td>www.grandclass.es<\/td>\n<td>un d\u00eda<\/td>\n<td><a href=\"https:\/\/www.linkedin.com\/legal\/privacy-policy\" target=\"_blank\" rel=\"noopener noreferrer\">LinkedIn<\/a><\/td>\n<th scope=\"col\">COOKIE<\/th>\n<\/tr>\n<tr>\n<th scope=\"row\">USERMATCHHISTORY<\/th>\n<td>Esta cookie se utiliza para registrar el comportamiento de los visitantes en el sitio web utilizando Matomo\/Piwik. Se utiliza para recopilar estad\u00edsticas sobre el uso del sitio web, como la hora de la \u00faltima visita al sitio web. La cookie no contiene ning\u00fan dato personal y se utiliza \u00fanicamente para el an\u00e1lisis del sitio web (caduca despu\u00e9s de 30 minutos).<\/td>\n<td>.linkedin.com<\/td>\n<td>un mes<\/td>\n<td><\/td>\n<th scope=\"col\">COOKIE<\/th>\n<\/tr>\n<tr>\n<td colspan=\"5\">\n<h4>Funcionales<\/h4>\n<\/td>\n<\/tr>\n<tr>\n<th scope=\"col\">NOMBRE<\/th>\n<th scope=\"col\">PROP\u00d3SITO<\/th>\n<th scope=\"col\">NOMBRE DE DOMINIO<\/th>\n<th scope=\"col\">CADUCIDAD<\/th>\n<th scope=\"col\">PROVEEDOR<\/th>\n<th scope=\"col\">TIPO<\/th>\n<\/tr>\n<tr>\n<th scope=\"row\">LANG<\/th>\n<td>Existen muchos tipos diferentes de cookies asociadas con este nombre, y generalmente se recomienda una visi\u00f3n m\u00e1s detallada de c\u00f3mo se usa en un sitio web en particular. Sin embargo, en la mayor\u00eda de los casos, probablemente se utilizar\u00e1 para almacenar las preferencias de idioma, potencialmente para servir contenido en el idioma almacenado.<\/td>\n<td>.linkedin.com<\/td>\n<td>Sesi\u00f3n<\/td>\n<td><\/td>\n<th scope=\"col\">COOKIE<\/th>\n<\/tr>\n<tr>\n<th scope=\"row\">LANG<\/th>\n<td>Existen muchos tipos diferentes de cookies asociadas con este nombre, y generalmente se recomienda una visi\u00f3n m\u00e1s detallada de c\u00f3mo se usa en un sitio web en particular. Sin embargo, en la mayor\u00eda de los casos, probablemente se utilizar\u00e1 para almacenar las preferencias de idioma, potencialmente para servir contenido en el idioma almacenado.<\/td>\n<td>.ads.linkedin.com<\/td>\n<td>Sesi\u00f3n<\/td>\n<td><\/td>\n<th scope=\"col\">COOKIE<\/th>\n<\/tr>\n<tr>\n<th scope=\"row\">LI_GC<\/th>\n<td>Esta es una cookie de LinkedIn y se utiliza para almacenar el consentimiento de los visitantes con respecto al uso de cookies para fines no esenciales.<\/td>\n<td>.linkedin.com<\/td>\n<td>6 meses<\/td>\n<td>&#8212;<\/td>\n<th scope=\"col\">COOKIE<\/th>\n<\/tr>\n<tr>\n<td colspan=\"5\">\n<h4>de Publicidad \/ Seguimiento<\/h4>\n<\/td>\n<\/tr>\n<tr>\n<th scope=\"col\">NOMBRE<\/th>\n<th scope=\"col\">PROP\u00d3SITO<\/th>\n<th scope=\"col\">NOMBRE DE DOMINIO<\/th>\n<th scope=\"col\">CADUCIDAD<\/th>\n<th scope=\"col\">PROVEEDOR<\/th>\n<th scope=\"col\">TIPO<\/th>\n<\/tr>\n<tr>\n<th scope=\"row\">_FBP<\/th>\n<td>Facebook utiliza esta cookie con fines publicitarios y para el seguimiento de conversiones.<\/td>\n<td>.grandclass.es<\/td>\n<td>3 meses<\/td>\n<td><a href=\"https:\/\/www.facebook.com\/privacy\/center\/\" target=\"_blank\" rel=\"noopener noreferrer\">Meta inc.<\/a><\/td>\n<th scope=\"col\">COOKIE<\/th>\n<\/tr>\n<tr>\n<th scope=\"row\">ANALYTICSSYNCHISTORY<\/th>\n<td>Esta cookie se utiliza para almacenar informaci\u00f3n sobre el momento en que se realiz\u00f3 una sincronizaci\u00f3n con la cookie lms_analytics para los usuarios en los pa\u00edses designados.<\/td>\n<td>.linkedin.com<\/td>\n<td>un mes<\/td>\n<td>&#8212;<\/td>\n<th scope=\"col\">COOKIE<\/th>\n<\/tr>\n<tr>\n<th scope=\"row\">BCOOKIE<\/th>\n<td>Cookie de LinkedIn utilizada por botones de compartir y etiquetas publicitarias.<\/td>\n<td>.linkedin.com<\/td>\n<td>un a\u00f1o<\/td>\n<td><a href=\"https:\/\/grandclass.es\/una\" target=\"_blank\" rel=\"noopener noreferrer\">una<\/a><\/td>\n<th scope=\"col\">COOKIE<\/th>\n<\/tr>\n<tr>\n<th scope=\"row\">BSCOOKIE<\/th>\n<td>Cookie de LinkedIn utilizada por botones de compartir y etiquetas publicitarias.<\/td>\n<td>.www.linkedin.com<\/td>\n<td>un a\u00f1o<\/td>\n<td><\/td>\n<th scope=\"col\">COOKIE<\/th>\n<\/tr>\n<tr>\n<th scope=\"row\">LIDC<\/th>\n<td>Cookie de LinkedIn utilizada por botones de compartir y etiquetas publicitarias.<\/td>\n<td>.linkedin.com<\/td>\n<td>un d\u00eda<\/td>\n<td><a href=\"https:\/\/grandclass.es\/segundo\" target=\"_blank\" rel=\"noopener noreferrer\">segundo<\/a><\/td>\n<th scope=\"col\">COOKIE<\/th>\n<\/tr>\n<\/tbody>\n<\/table>\n<\/div>\n<\/div>\n<\/div>\n<\/div>\n<p>T\u00e9ngase en cuenta que, si acepta las cookies de terceros, deber\u00e1 eliminarlas desde las opciones del navegador o desde el sistema ofrecido por el propio tercero.<br \/>\nA continuaci\u00f3n le proporcionamos los enlaces de diversos navegadores, a trav\u00e9s de los cuales podr\u00e1 modificar la configuraci\u00f3n de su navegador sobre el uso de cookies:<\/p>\n<ul>\n<li>Firefox desde aqu\u00ed: http:\/\/support.mozilla.org\/es\/kb\/habilitar-y-deshabilitar-cookies-que-los-sitios-we<\/li>\n<li>Chrome desde aqu\u00ed: http:\/\/support.google.com\/chrome\/bin\/answer.py?hl=es&amp;answer=95647<\/li>\n<li>Explorer desde aqu\u00ed: http:\/\/windows.microsoft.com\/es-es\/internet-explorer\/delete-manage-cookies#ie=ie-10<\/li>\n<li>Safari desde aqu\u00ed: https:\/\/support.apple.com\/kb\/ph17191?locale=es_ES<\/li>\n<li>Opera desde aqu\u00ed: https:\/\/help.opera.com\/en\/latest\/web-preferences\/#cookies<\/li>\n<\/ul>\n<p>Para conocer m\u00e1s informaci\u00f3n sobre el tratamiento de datos personales, le recomendamos visitar nuestro apartado \u201cPol\u00edtica de Privacidad\u201d.<\/p>\n<p>\u00daLTIMA ACTUALIZACI\u00d3N: 12 de febrero de 2021<\/p>\n<\/div><\/div><\/div><\/div><\/div>\n","protected":false},"excerpt":{"rendered":"","protected":false},"author":1,"featured_media":0,"parent":0,"menu_order":0,"comment_status":"closed","ping_status":"open","template":"100-width.php","meta":{"inline_featured_image":false,"footnotes":""},"class_list":["post-1110","page","type-page","status-publish","hentry"],"yoast_head":"<!-- This site is optimized with the Yoast SEO plugin v27.3 - https:\/\/yoast.com\/product\/yoast-seo-wordpress\/ -->\n<title>Cookies Policy - Grand Class<\/title>\n<meta name=\"robots\" content=\"index, follow, max-snippet:-1, max-image-preview:large, max-video-preview:-1\" \/>\n<link rel=\"canonical\" href=\"https:\/\/grandclass.es\/en\/cookies-policy\/\" \/>\n<meta property=\"og:locale\" content=\"en_US\" \/>\n<meta property=\"og:type\" content=\"article\" \/>\n<meta property=\"og:title\" content=\"Cookies Policy - Grand Class\" \/>\n<meta property=\"og:url\" content=\"https:\/\/grandclass.es\/en\/cookies-policy\/\" \/>\n<meta property=\"og:site_name\" content=\"Grand Class\" \/>\n<meta property=\"article:publisher\" content=\"https:\/\/www.facebook.com\/grandclassvehiculos\" \/>\n<meta property=\"article:modified_time\" content=\"2023-05-26T07:54:14+00:00\" \/>\n<meta name=\"twitter:card\" content=\"summary_large_image\" \/>\n<meta name=\"twitter:label1\" content=\"Est. reading time\" \/>\n\t<meta name=\"twitter:data1\" content=\"7 minutes\" \/>\n<script type=\"application\/ld+json\" class=\"yoast-schema-graph\">{\"@context\":\"https:\\\/\\\/schema.org\",\"@graph\":[{\"@type\":\"WebPage\",\"@id\":\"https:\\\/\\\/grandclass.es\\\/en\\\/cookies-policy\\\/\",\"url\":\"https:\\\/\\\/grandclass.es\\\/en\\\/cookies-policy\\\/\",\"name\":\"Cookies Policy - Grand Class\",\"isPartOf\":{\"@id\":\"https:\\\/\\\/grandclass.es\\\/en\\\/#website\"},\"datePublished\":\"2023-02-16T18:12:18+00:00\",\"dateModified\":\"2023-05-26T07:54:14+00:00\",\"breadcrumb\":{\"@id\":\"https:\\\/\\\/grandclass.es\\\/en\\\/cookies-policy\\\/#breadcrumb\"},\"inLanguage\":\"en-US\",\"potentialAction\":[{\"@type\":\"ReadAction\",\"target\":[\"https:\\\/\\\/grandclass.es\\\/en\\\/cookies-policy\\\/\"]}]},{\"@type\":\"BreadcrumbList\",\"@id\":\"https:\\\/\\\/grandclass.es\\\/en\\\/cookies-policy\\\/#breadcrumb\",\"itemListElement\":[{\"@type\":\"ListItem\",\"position\":1,\"name\":\"Portada\",\"item\":\"https:\\\/\\\/grandclass.es\\\/en\\\/\"},{\"@type\":\"ListItem\",\"position\":2,\"name\":\"Cookies Policy\"}]},{\"@type\":\"WebSite\",\"@id\":\"https:\\\/\\\/grandclass.es\\\/en\\\/#website\",\"url\":\"https:\\\/\\\/grandclass.es\\\/en\\\/\",\"name\":\"Grand Class\",\"description\":\"Making exclusive mobility something personal\",\"alternateName\":\"Grand Class\",\"potentialAction\":[{\"@type\":\"SearchAction\",\"target\":{\"@type\":\"EntryPoint\",\"urlTemplate\":\"https:\\\/\\\/grandclass.es\\\/en\\\/?s={search_term_string}\"},\"query-input\":{\"@type\":\"PropertyValueSpecification\",\"valueRequired\":true,\"valueName\":\"search_term_string\"}}],\"inLanguage\":\"en-US\"}]}<\/script>\n<!-- \/ Yoast SEO plugin. -->","yoast_head_json":{"title":"Cookies Policy - Grand Class","robots":{"index":"index","follow":"follow","max-snippet":"max-snippet:-1","max-image-preview":"max-image-preview:large","max-video-preview":"max-video-preview:-1"},"canonical":"https:\/\/grandclass.es\/en\/cookies-policy\/","og_locale":"en_US","og_type":"article","og_title":"Cookies Policy - Grand Class","og_url":"https:\/\/grandclass.es\/en\/cookies-policy\/","og_site_name":"Grand Class","article_publisher":"https:\/\/www.facebook.com\/grandclassvehiculos","article_modified_time":"2023-05-26T07:54:14+00:00","twitter_card":"summary_large_image","twitter_misc":{"Est. reading time":"7 minutes"},"schema":{"@context":"https:\/\/schema.org","@graph":[{"@type":"WebPage","@id":"https:\/\/grandclass.es\/en\/cookies-policy\/","url":"https:\/\/grandclass.es\/en\/cookies-policy\/","name":"Cookies Policy - Grand Class","isPartOf":{"@id":"https:\/\/grandclass.es\/en\/#website"},"datePublished":"2023-02-16T18:12:18+00:00","dateModified":"2023-05-26T07:54:14+00:00","breadcrumb":{"@id":"https:\/\/grandclass.es\/en\/cookies-policy\/#breadcrumb"},"inLanguage":"en-US","potentialAction":[{"@type":"ReadAction","target":["https:\/\/grandclass.es\/en\/cookies-policy\/"]}]},{"@type":"BreadcrumbList","@id":"https:\/\/grandclass.es\/en\/cookies-policy\/#breadcrumb","itemListElement":[{"@type":"ListItem","position":1,"name":"Portada","item":"https:\/\/grandclass.es\/en\/"},{"@type":"ListItem","position":2,"name":"Cookies Policy"}]},{"@type":"WebSite","@id":"https:\/\/grandclass.es\/en\/#website","url":"https:\/\/grandclass.es\/en\/","name":"Grand Class","description":"Making exclusive mobility something personal","alternateName":"Grand Class","potentialAction":[{"@type":"SearchAction","target":{"@type":"EntryPoint","urlTemplate":"https:\/\/grandclass.es\/en\/?s={search_term_string}"},"query-input":{"@type":"PropertyValueSpecification","valueRequired":true,"valueName":"search_term_string"}}],"inLanguage":"en-US"}]}},"_links":{"self":[{"href":"https:\/\/grandclass.es\/en\/wp-json\/wp\/v2\/pages\/1110","targetHints":{"allow":["GET"]}}],"collection":[{"href":"https:\/\/grandclass.es\/en\/wp-json\/wp\/v2\/pages"}],"about":[{"href":"https:\/\/grandclass.es\/en\/wp-json\/wp\/v2\/types\/page"}],"author":[{"embeddable":true,"href":"https:\/\/grandclass.es\/en\/wp-json\/wp\/v2\/users\/1"}],"replies":[{"embeddable":true,"href":"https:\/\/grandclass.es\/en\/wp-json\/wp\/v2\/comments?post=1110"}],"version-history":[{"count":1,"href":"https:\/\/grandclass.es\/en\/wp-json\/wp\/v2\/pages\/1110\/revisions"}],"predecessor-version":[{"id":1111,"href":"https:\/\/grandclass.es\/en\/wp-json\/wp\/v2\/pages\/1110\/revisions\/1111"}],"wp:attachment":[{"href":"https:\/\/grandclass.es\/en\/wp-json\/wp\/v2\/media?parent=1110"}],"curies":[{"name":"wp","href":"https:\/\/api.w.org\/{rel}","templated":true}]}}