{"id":1108,"date":"2023-02-16T19:11:21","date_gmt":"2023-02-16T18:11:21","guid":{"rendered":"https:\/\/grandclass.es\/poitica-de-privacidad-redes-sociales\/"},"modified":"2023-05-26T09:52:01","modified_gmt":"2023-05-26T07:52:01","slug":"privacy-policy-on-social-networks","status":"publish","type":"page","link":"https:\/\/grandclass.es\/en\/privacy-policy-on-social-networks\/","title":{"rendered":"Privacy Policy for Social Networks"},"content":{"rendered":"<div class=\"fusion-fullwidth fullwidth-box fusion-builder-row-1 fusion-flex-container nonhundred-percent-fullwidth non-hundred-percent-height-scrolling\" style=\"--awb-border-radius-top-left:0px;--awb-border-radius-top-right:0px;--awb-border-radius-bottom-right:0px;--awb-border-radius-bottom-left:0px;--awb-margin-top:12%;--awb-margin-bottom:12%;--awb-flex-wrap:wrap;\" ><div class=\"fusion-builder-row fusion-row fusion-flex-align-items-flex-start fusion-flex-content-wrap\" style=\"max-width:1164.8px;margin-left: calc(-4% \/ 2 );margin-right: calc(-4% \/ 2 );\"><div class=\"fusion-layout-column fusion_builder_column fusion-builder-column-0 fusion_builder_column_1_1 1_1 fusion-flex-column\" style=\"--awb-bg-blend:overlay;--awb-bg-size:cover;--awb-width-large:100%;--awb-margin-top-large:0px;--awb-spacing-right-large:1.92%;--awb-margin-bottom-large:0px;--awb-spacing-left-large:1.92%;--awb-width-medium:100%;--awb-spacing-right-medium:1.92%;--awb-spacing-left-medium:1.92%;--awb-width-small:100%;--awb-spacing-right-small:1.92%;--awb-spacing-left-small:1.92%;\"><div class=\"fusion-column-wrapper fusion-flex-justify-content-flex-start fusion-content-layout-column\"><div class=\"fusion-text fusion-text-1\"><p>De conformidad con lo establecido en la normativa vigente y aplicable de protecci\u00f3n de datos de car\u00e1cter personal y la Ley 34\/2002, de 11 de julio, de Servicios de la Sociedad de la Informaci\u00f3n y de Comercio Electr\u00f3nico (LSSI-CE), LOPEZ RUBIO GRAND CLASS SL informa a los usuarios, que ha procedido a crear un perfil en las Redes Sociales Facebook, Twitter, Instagram, Flickr y Linkedin, con la finalidad principal de publicitar sus productos y servicios.<\/p>\n<p>Datos de LOPEZ RUBIO GRAND CLASS SL:<\/p>\n<ul>\n<li><strong>NIF<\/strong>: B81914095<\/li>\n<li><strong>DIRECCI\u00d3N<\/strong>: CALLE SANTILLANA DEL MAR 14 28660, BOADILLA DEL MONTE (MADRID)<\/li>\n<li><strong>CORREO ELECTR\u00d3NICO<\/strong>:\u00a0<a href=\"mailto:privacidad@grandclass.es\">privacidad@grandclass.es<\/a><\/li>\n<li><strong>DOMINIO WEB<\/strong>:\u00a0<a href=\"https:\/\/grandclass.es\/en\/\" target=\"_blank\" rel=\"noopener\">www.grandclass.es<\/a><\/li>\n<\/ul>\n<p>El usuario dispone de un perfil en la misma Red Social y ha decidido unirse a la p\u00e1gina creada por LOPEZ RUBIO GRAND CLASS SL, mostrando as\u00ed inter\u00e9s en la informaci\u00f3n que se publicite en la Red. Al unirse a nuestra p\u00e1gina, nos facilita su consentimiento para el tratamiento de aquellos datos personales publicados en su perfil.<\/p>\n<p>El usuario puede acceder en todo momento a las pol\u00edticas de privacidad de la propia Red Social, as\u00ed como configurar su perfil para garantizar su privacidad.<\/p>\n<p>LOPEZ RUBIO GRAND CLASS SL tiene acceso y trata aquella informaci\u00f3n p\u00fablica del usuario, en especial, su nombre de contacto. Estos datos, s\u00f3lo son utilizados dentro de la propia Red Social. No son incorporados a ning\u00fan sistema de tratamiento.<\/p>\n<p><strong>Derechos de los interesados<\/strong><\/p>\n<p>En relaci\u00f3n a los derechos de acceso, rectificaci\u00f3n, limitaci\u00f3n de tratamiento, supresi\u00f3n, portabilidad y oposici\u00f3n al tratamiento de sus datos de car\u00e1cter personal, de los que usted dispone y que pueden ser ejercitados ante LOPEZ RUBIO GRAND CLASS SL, de acuerdo con el RGPD, debe tener en cuenta los siguientes matices:<\/p>\n<ul>\n<li><strong>Derecho de Acceso<\/strong>: Es el derecho del usuario a obtener informaci\u00f3n sobre sus datos concretos de car\u00e1cter personal y del tratamiento que se haya realizado o realice, as\u00ed como de la informaci\u00f3n disponible sobre el origen de dichos datos y las comunicaciones realizadas o previstas de los mismos.<\/li>\n<li><strong>Derecho de Rectificaci\u00f3n:<\/strong>\u00a0Es el derecho del afectado a que se modifiquen los datos que resulten ser inexactos o incompletos. S\u00f3lo podr\u00e1 satisfacerse en relaci\u00f3n a aquella informaci\u00f3n que se encuentre bajo el control de LOPEZ RUBIO GRAND CLASS SL, por ejemplo, eliminar comentarios publicados en la propia p\u00e1gina, im\u00e1genes o contenidos web donde consten datos de car\u00e1cter personal del usuario.<\/li>\n<li><strong>Derecho a la Limitaci\u00f3n de tratamiento<\/strong>: Es el derecho a que se limiten los fines del tratamiento previstos de forma original por el responsable del tratamiento.<\/li>\n<li><strong>Derecho de Supresi\u00f3n<\/strong>: Es el derecho a suprimir los datos de car\u00e1cter personal del usuario, a excepci\u00f3n de lo previsto en el propio RGPD o en otras normativas aplicables que determinen la obligatoriedad de la conservaci\u00f3n de los mismos, en tiempo y forma.<\/li>\n<li><strong>Derecho de portabilidad<\/strong>: El derecho a recibir los datos personales que el usuario, haya facilitado, en un formato estructurado, de uso com\u00fan y lectura mec\u00e1nica, y a transmitirlos a otro responsable.<\/li>\n<li><strong>Derecho de Oposici\u00f3n<\/strong>: Es el derecho del usuario a que no se lleve a cabo el tratamiento de sus datos de car\u00e1cter personal o se cese el tratamiento de los mismos por parte de LOPEZ RUBIO GRAND CLASS SL.<\/li>\n<\/ul>\n<p>LOPEZ RUBIO GRAND CLASS SL realizar\u00e1 las siguientes actuaciones:<\/p>\n<ul>\n<li>Acceso a la informaci\u00f3n p\u00fablica del perfil.<\/li>\n<li>Publicaci\u00f3n en el perfil del usuario de toda aquella informaci\u00f3n ya publicada en la p\u00e1gina de LOPEZ RUBIO GRAND CLASS SL.<\/li>\n<li>Enviar mensajes personales e individuales a trav\u00e9s de los canales de la Red Social.<\/li>\n<li>Actualizaciones del estado de la p\u00e1gina que se publicar\u00e1n en el perfil del usuario.<\/li>\n<\/ul>\n<p>El usuario siempre puede controlar sus conexiones, eliminar los contenidos que dejen de interesarle y restringir con qui\u00e9n comparte sus conexiones, para ello deber\u00e1 acceder a su configuraci\u00f3n de privacidad.<\/p>\n<p><strong>Publicaciones<\/strong><\/p>\n<p>El usuario, una vez unido a la p\u00e1gina de LOPEZ RUBIO GRAND CLASS SL, podr\u00e1 publicar en \u00e9sta \u00faltima comentarios, enlaces, im\u00e1genes o fotograf\u00edas o cualquier otro tipo de contenido multimedia soportado por la Red Social. El usuario, en todos los casos, debe ser el titular de los mismos, gozar de los derechos de autor y de propiedad intelectual o contar con el consentimiento de los terceros afectados. Se proh\u00edbe expresamente cualquier publicaci\u00f3n en la p\u00e1gina, ya sean textos, gr\u00e1ficos, fotograf\u00edas, v\u00eddeos, etc. que atenten o sean susceptibles de atentar contra la moral, la \u00e9tica, el buen gusto o el decoro, y\/o que infrinjan, violen o quebranten los derechos de propiedad intelectual o industrial, el derecho a la imagen o la Ley. En estos casos, LOPEZ RUBIO GRAND CLASS SL se reserva el derecho a retirar de inmediato el contenido, pudiendo solicitar el bloqueo permanente del usuario.<\/p>\n<p>LOPEZ RUBIO GRAND CLASS SL no se har\u00e1 responsable de los contenidos que libremente ha publicado un usuario.<\/p>\n<p>El usuario debe tener presente que sus publicaciones ser\u00e1n conocidas por los otros usuarios, por lo que \u00e9l mismo es el principal responsable de su privacidad.<\/p>\n<p>Las im\u00e1genes que puedan publicarse en la p\u00e1gina no ser\u00e1n almacenadas en ning\u00fan sistema de tratamiento por parte de LOPEZ RUBIO GRAND CLASS SL, pero s\u00ed que permanecer\u00e1n en la Red Social.<\/p>\n<p><strong>Concursos y promociones<\/strong><\/p>\n<p>LOPEZ RUBIO GRAND CLASS SL se reserva el derecho a realizar concursos y promociones, en los que podr\u00e1 participar el usuario unido a su p\u00e1gina. Las bases de cada uno de ellos, cuando se utilice para ello la plataforma de la Red Social, ser\u00e1n publicadas en la misma. Cumpliendo siempre con la LSSI-CE y con cualquier otra norma que le sea de aplicaci\u00f3n.<\/p>\n<p>La Red Social no patrocina, avala ni administra, de modo alguno, ninguna de nuestras promociones, ni est\u00e1 asociada a ninguna de ellas.<\/p>\n<p>Publicidad<\/p>\n<p>LOPEZ RUBIO GRAND CLASS SL utilizar\u00e1 la Red Social para publicitar sus productos y servicios, en todo caso, si decide tratar sus datos de contacto para realizar acciones directas de prospecci\u00f3n comercial, ser\u00e1 siempre, cumpliendo con las exigencias legales del RGPD y de la LSSI-CE.<\/p>\n<p>No se considerar\u00e1 publicidad el hecho de recomendar a otros usuarios la p\u00e1gina de LOPEZ RUBIO GRAND CLASS SL para que tambi\u00e9n ellos puedan disfrutar de las promociones o estar informados de su actividad.<\/p>\n<p>A continuaci\u00f3n detallamos el enlace a la pol\u00edtica de privacidad de la Red Social:<\/p>\n<ul>\n<li><strong>Facebook:<\/strong>\u00a0<a href=\"https:\/\/www.facebook.com\/help\/323540651073243\/\" target=\"_blank\" rel=\"noopener\">https:\/\/www.facebook.com\/help\/323540651073243\/<\/a><\/li>\n<li><strong>Twitter:<\/strong>\u00a0<a href=\"https:\/\/twitter.com\/privacy\" target=\"_blank\" rel=\"noopener\">https:\/\/twitter.com\/privacy<\/a><\/li>\n<li><strong>Instagram<\/strong>:\u00a0<a href=\"http:\/\/instagram.com\/about\/legal\/privacy\/\" target=\"_blank\" rel=\"noopener\">http:\/\/instagram.com\/about\/legal\/privacy\/<\/a><\/li>\n<li><strong>Flickr:<\/strong>\u00a0<a href=\"http:\/\/info.yahoo.com\/privacy\/es\/yahoo\/flickr\/\" target=\"_blank\" rel=\"noopener\">http:\/\/info.yahoo.com\/privacy\/es\/yahoo\/flickr\/<\/a><\/li>\n<li><strong>Linkedin:<\/strong>\u00a0<a href=\"http:\/\/www.linkedin.com\/legal\/privacy-policy?trk=hb_ft_priv\" target=\"_blank\" rel=\"noopener\">http:\/\/www.linkedin.com\/legal\/privacy-policy?trk=hb_ft_priv<\/a><\/li>\n<\/ul>\n<p><strong>\u00daLTIMA ACTUALIZACI\u00d3N: 12 de febrero de 2021<\/strong><\/p>\n<\/div><\/div><\/div><\/div><\/div>\n","protected":false},"excerpt":{"rendered":"","protected":false},"author":1,"featured_media":0,"parent":0,"menu_order":0,"comment_status":"closed","ping_status":"open","template":"","meta":{"inline_featured_image":false,"footnotes":""},"class_list":["post-1108","page","type-page","status-publish","hentry"],"yoast_head":"<!-- This site is optimized with the Yoast SEO plugin v27.3 - https:\/\/yoast.com\/product\/yoast-seo-wordpress\/ -->\n<title>Privacy Policy for Social Networks - Grand Class<\/title>\n<meta name=\"robots\" content=\"index, follow, max-snippet:-1, max-image-preview:large, max-video-preview:-1\" \/>\n<link rel=\"canonical\" href=\"https:\/\/grandclass.es\/en\/privacy-policy-on-social-networks\/\" \/>\n<meta property=\"og:locale\" content=\"en_US\" \/>\n<meta property=\"og:type\" content=\"article\" \/>\n<meta property=\"og:title\" content=\"Privacy Policy for Social Networks - Grand Class\" \/>\n<meta property=\"og:url\" content=\"https:\/\/grandclass.es\/en\/privacy-policy-on-social-networks\/\" \/>\n<meta property=\"og:site_name\" content=\"Grand Class\" \/>\n<meta property=\"article:publisher\" content=\"https:\/\/www.facebook.com\/grandclassvehiculos\" \/>\n<meta property=\"article:modified_time\" content=\"2023-05-26T07:52:01+00:00\" \/>\n<meta name=\"twitter:card\" content=\"summary_large_image\" \/>\n<meta name=\"twitter:label1\" content=\"Est. reading time\" \/>\n\t<meta name=\"twitter:data1\" content=\"5 minutes\" \/>\n<script type=\"application\/ld+json\" class=\"yoast-schema-graph\">{\"@context\":\"https:\\\/\\\/schema.org\",\"@graph\":[{\"@type\":\"WebPage\",\"@id\":\"https:\\\/\\\/grandclass.es\\\/en\\\/privacy-policy-on-social-networks\\\/\",\"url\":\"https:\\\/\\\/grandclass.es\\\/en\\\/privacy-policy-on-social-networks\\\/\",\"name\":\"Privacy Policy for Social Networks - Grand Class\",\"isPartOf\":{\"@id\":\"https:\\\/\\\/grandclass.es\\\/en\\\/#website\"},\"datePublished\":\"2023-02-16T18:11:21+00:00\",\"dateModified\":\"2023-05-26T07:52:01+00:00\",\"breadcrumb\":{\"@id\":\"https:\\\/\\\/grandclass.es\\\/en\\\/privacy-policy-on-social-networks\\\/#breadcrumb\"},\"inLanguage\":\"en-US\",\"potentialAction\":[{\"@type\":\"ReadAction\",\"target\":[\"https:\\\/\\\/grandclass.es\\\/en\\\/privacy-policy-on-social-networks\\\/\"]}]},{\"@type\":\"BreadcrumbList\",\"@id\":\"https:\\\/\\\/grandclass.es\\\/en\\\/privacy-policy-on-social-networks\\\/#breadcrumb\",\"itemListElement\":[{\"@type\":\"ListItem\",\"position\":1,\"name\":\"Portada\",\"item\":\"https:\\\/\\\/grandclass.es\\\/en\\\/\"},{\"@type\":\"ListItem\",\"position\":2,\"name\":\"Privacy Policy for Social Networks\"}]},{\"@type\":\"WebSite\",\"@id\":\"https:\\\/\\\/grandclass.es\\\/en\\\/#website\",\"url\":\"https:\\\/\\\/grandclass.es\\\/en\\\/\",\"name\":\"Grand Class\",\"description\":\"Making exclusive mobility something personal\",\"alternateName\":\"Grand Class\",\"potentialAction\":[{\"@type\":\"SearchAction\",\"target\":{\"@type\":\"EntryPoint\",\"urlTemplate\":\"https:\\\/\\\/grandclass.es\\\/en\\\/?s={search_term_string}\"},\"query-input\":{\"@type\":\"PropertyValueSpecification\",\"valueRequired\":true,\"valueName\":\"search_term_string\"}}],\"inLanguage\":\"en-US\"}]}<\/script>\n<!-- \/ Yoast SEO plugin. -->","yoast_head_json":{"title":"Privacy Policy for Social Networks - Grand Class","robots":{"index":"index","follow":"follow","max-snippet":"max-snippet:-1","max-image-preview":"max-image-preview:large","max-video-preview":"max-video-preview:-1"},"canonical":"https:\/\/grandclass.es\/en\/privacy-policy-on-social-networks\/","og_locale":"en_US","og_type":"article","og_title":"Privacy Policy for Social Networks - Grand Class","og_url":"https:\/\/grandclass.es\/en\/privacy-policy-on-social-networks\/","og_site_name":"Grand Class","article_publisher":"https:\/\/www.facebook.com\/grandclassvehiculos","article_modified_time":"2023-05-26T07:52:01+00:00","twitter_card":"summary_large_image","twitter_misc":{"Est. reading time":"5 minutes"},"schema":{"@context":"https:\/\/schema.org","@graph":[{"@type":"WebPage","@id":"https:\/\/grandclass.es\/en\/privacy-policy-on-social-networks\/","url":"https:\/\/grandclass.es\/en\/privacy-policy-on-social-networks\/","name":"Privacy Policy for Social Networks - Grand Class","isPartOf":{"@id":"https:\/\/grandclass.es\/en\/#website"},"datePublished":"2023-02-16T18:11:21+00:00","dateModified":"2023-05-26T07:52:01+00:00","breadcrumb":{"@id":"https:\/\/grandclass.es\/en\/privacy-policy-on-social-networks\/#breadcrumb"},"inLanguage":"en-US","potentialAction":[{"@type":"ReadAction","target":["https:\/\/grandclass.es\/en\/privacy-policy-on-social-networks\/"]}]},{"@type":"BreadcrumbList","@id":"https:\/\/grandclass.es\/en\/privacy-policy-on-social-networks\/#breadcrumb","itemListElement":[{"@type":"ListItem","position":1,"name":"Portada","item":"https:\/\/grandclass.es\/en\/"},{"@type":"ListItem","position":2,"name":"Privacy Policy for Social Networks"}]},{"@type":"WebSite","@id":"https:\/\/grandclass.es\/en\/#website","url":"https:\/\/grandclass.es\/en\/","name":"Grand Class","description":"Making exclusive mobility something personal","alternateName":"Grand Class","potentialAction":[{"@type":"SearchAction","target":{"@type":"EntryPoint","urlTemplate":"https:\/\/grandclass.es\/en\/?s={search_term_string}"},"query-input":{"@type":"PropertyValueSpecification","valueRequired":true,"valueName":"search_term_string"}}],"inLanguage":"en-US"}]}},"_links":{"self":[{"href":"https:\/\/grandclass.es\/en\/wp-json\/wp\/v2\/pages\/1108","targetHints":{"allow":["GET"]}}],"collection":[{"href":"https:\/\/grandclass.es\/en\/wp-json\/wp\/v2\/pages"}],"about":[{"href":"https:\/\/grandclass.es\/en\/wp-json\/wp\/v2\/types\/page"}],"author":[{"embeddable":true,"href":"https:\/\/grandclass.es\/en\/wp-json\/wp\/v2\/users\/1"}],"replies":[{"embeddable":true,"href":"https:\/\/grandclass.es\/en\/wp-json\/wp\/v2\/comments?post=1108"}],"version-history":[{"count":1,"href":"https:\/\/grandclass.es\/en\/wp-json\/wp\/v2\/pages\/1108\/revisions"}],"predecessor-version":[{"id":1109,"href":"https:\/\/grandclass.es\/en\/wp-json\/wp\/v2\/pages\/1108\/revisions\/1109"}],"wp:attachment":[{"href":"https:\/\/grandclass.es\/en\/wp-json\/wp\/v2\/media?parent=1108"}],"curies":[{"name":"wp","href":"https:\/\/api.w.org\/{rel}","templated":true}]}}